{"id":216,"date":"2023-06-27T06:12:27","date_gmt":"2023-06-27T06:12:27","guid":{"rendered":"https:\/\/ahsmal.site\/?post_type=product&#038;p=216"},"modified":"2023-07-25T07:00:47","modified_gmt":"2023-07-25T07:00:47","slug":"differentiated-copper-cable-shoes-din-46235-standard","status":"publish","type":"product","link":"https:\/\/ahsmal.site\/he\/product\/differentiated-copper-cable-shoes-din-46235-standard\/","title":{"rendered":"\u05e0\u05e2\u05dc\u05d9 \u05db\u05d1\u05dc \u05e0\u05d7\u05d5\u05e9\u05ea \u05de\u05d1\u05d5\u05d3\u05dc\u05d5\u05ea"},"content":{"rendered":"<p>\u05d7\u05d5\u05b9\u05de\u05b6\u05e8:<\/p>\n<p>\u05e0\u05d7\u05d5\u05e9\u05ea, DIN 40500\/2, F-25<\/p>\n<p>\u05de\u05e9\u05d8\u05d7:<\/p>\n<p>\u05e6\u05d9\u05e4\u05d5\u05d9 \u05e2\u05dd DIL.<\/p>\n<p>*\u05d4\u05e7\u05d5\u05d8\u05e8 \u05d4\u05e4\u05e0\u05d9\u05de\u05d9 \u05de\u05d5\u05ea\u05d0\u05dd \u05dc\u05e4\u05d9 DIN 57295. \u05dc\u05e4\u05e0\u05d9 \u05d4\u05d3\u05d7\u05d9\u05e1\u05d4 \u05d9\u05e9 \u05dc\u05e2\u05d2\u05dc \u05d0\u05ea \u05d4\u05db\u05d1\u05dc \u05d4\u05e1\u05e7\u05d8\u05d5\u05e8\u05d9\u05d0\u05dc\u05d9, \u05d1\u05dc\u05d7\u05e5 \u05de\u05e2\u05d5\u05d2\u05dc \u05d8\u05d1\u05e2\u05d9.<\/p>\n<p>\u05d4\u05d5\u05e8\u05d0\u05d5\u05ea \u05de\u05e9\u05ea\u05de\u05e9:<\/p>\n<p>\u05e0\u05e2\u05dc\u05d9 \u05d4\u05db\u05d1\u05dc\u05d9\u05dd \u05de\u05e1\u05d5\u05de\u05e0\u05d5\u05ea \u05d1\u05de\u05e1\u05e4\u05e8 \u05e7\u05d5\u05d3 (\u05de\u05e7\u05d1\u05d9\u05dc \u05dc\u05e7\u05d5\u05d8\u05e8 \u05d4\u05d7\u05d9\u05e6\u05d5\u05e0\u05d9 \u05d4\u05de\u05e9\u05d5\u05e2\u05e8 \u05e9\u05dc \u05e0\u05e2\u05dc\u05d9 \u05d4\u05db\u05d1\u05dc\u05d9\u05dd). \u05d0\u05d5\u05e4\u05d9 \u05d4\u05dc\u05d7\u05e5 \u05d4\u05e0\u05d3\u05e8\u05e9 \u05e0\u05d1\u05d7\u05e8 \u05e2\u05dc \u05e4\u05d9 \u05e7\u05d5\u05d3 \u05d6\u05d4.<\/p>\n<p>\u05dc\u05db\u05d9\u05d5\u05d5\u05e6\u05d9\u05dd (\u05d1\u05e6\u05d5\u05e8\u05ea \u05de\u05e9\u05d5\u05e9\u05d4) \u05d4\u05de\u05d1\u05d5\u05e6\u05e2\u05d9\u05dd \u05d1\u05d0\u05de\u05e6\u05e2\u05d5\u05ea \u05db\u05dc\u05d9 \u05db\u05d9\u05d5\u05d5\u05e5 \u05de\u05db\u05e0\u05d9\u05d9\u05dd \u05d9\u05d3\u05e0\u05d9\u05d9\u05dd, \u05d9\u05e9 \u05dc\u05d4\u05e9\u05ea\u05de\u05e9 \u05d1\u05d8\u05d1\u05e2 \u05d7\u05d5\u05dd-\u05e9\u05d7\u05d5\u05e8 \u05dc\u05db\u05d9\u05d5\u05d5\u05e5 \u05e0\u05e2\u05dc \u05db\u05d1\u05dc \u05e0\u05d7\u05d5\u05e9\u05ea. \u05e2\u05d1\u05d5\u05e8 \u05e0\u05e2\u05dc\u05d9 \u05db\u05d1\u05dc\u05d9\u05dd \u05de\u05d0\u05dc\u05d5\u05de\u05d9\u05e0\u05d9\u05d5\u05dd, \u05d9\u05e9 \u05dc\u05d4\u05e9\u05ea\u05de\u05e9 \u05d1\u05d8\u05d1\u05e2 \u05e6\u05d9\u05e4\u05d5\u05d9 \u05d0\u05d1\u05e5 \u05de\u05e6\u05d5\u05e4\u05d4 \u05d0\u05dc\u05e7\u05d8\u05e8\u05d5, \u05d1\u05e6\u05d1\u05e2 \u05dc\u05d1\u05df.<\/p>\n<p>\u05d1\u05db\u05dc\u05d9 \u05db\u05d9\u05d5\u05d5\u05e5 \u05d4\u05d9\u05d3\u05e8\u05d0\u05d5\u05dc\u05d9\u05d9\u05dd \u05d0\u05d9\u05df \u05d4\u05d1\u05d3\u05dc \u05d1\u05d0\u05d5\u05e4\u05d9 \u05d4\u05dc\u05d7\u05e5 \u05dc\u05e0\u05e2\u05dc\u05d9 \u05db\u05d1\u05dc \u05e0\u05d7\u05d5\u05e9\u05ea \u05d0\u05d5 \u05d0\u05dc\u05d5\u05de\u05d9\u05e0\u05d9\u05d5\u05dd.<\/p>\n<p>\u05e9\u05e8\u05d5\u05d5\u05dc\u05d9 \u05d4\u05db\u05d9\u05d5\u05d5\u05e5 \u05dc\u05e0\u05e2\u05dc\u05d9 \u05db\u05d1\u05dc\u05d9\u05dd \u05de\u05d0\u05dc\u05d5\u05de\u05d9\u05e0\u05d9\u05d5\u05dd \u05de\u05de\u05d5\u05dc\u05d0\u05d9\u05dd \u05de\u05e8\u05d0\u05e9 \u05d1\u05e9\u05d5\u05de\u05df \u05de\u05d2\u05e2. \u05d0\u05dc \u05ea\u05e1\u05d9\u05e8 \u05d0\u05ea \u05d4\u05e9\u05d5\u05de\u05df \u05de\u05e9\u05e8\u05d5\u05d5\u05dc \u05d4\u05de\u05ea\u05db\u05d5\u05d5\u05e5. \u05e0\u05e7\u05d5 \u05d0\u05ea \u05d4\u05e9\u05d5\u05de\u05df \u05e9\u05d9\u05d5\u05e6\u05d0 \u05d1\u05de\u05d4\u05dc\u05da \u05ea\u05d4\u05dc\u05d9\u05da \u05d4\u05db\u05d9\u05d5\u05d5\u05e5.<\/p>\n<p>\u05d4\u05d5\u05e8\u05d0\u05d5\u05ea \u05d4\u05e8\u05db\u05d1\u05d4:<\/p>\n<p>\u05e0\u05e7\u05d4 \u05d0\u05ea \u05e7\u05e6\u05d4 \u05d4\u05db\u05d1\u05dc \u05e2\u05dd \u05de\u05d1\u05e8\u05e9\u05ea \u05e4\u05dc\u05d3\u05d4 \u05db\u05d3\u05d9 \u05dc\u05d4\u05e1\u05d9\u05e8 \u05dc\u05db\u05dc\u05d5\u05da \u05d5\u05d7\u05de\u05e6\u05d5\u05df. \u05d4\u05db\u05e0\u05e1 \u05d0\u05ea \u05e7\u05e6\u05d4 \u05d4\u05db\u05d1\u05dc \u05dc\u05ea\u05d5\u05da \u05e9\u05e8\u05d5\u05d5\u05dc \u05d4\u05d4\u05ea\u05db\u05d5\u05d5\u05e6\u05d5\u05ea \u05e2\u05d3 \u05d4\u05e1\u05d5\u05e3. \u05dc\u05e4\u05e0\u05d9 \u05d4\u05d3\u05d7\u05d9\u05e1\u05d4, \u05d5\u05d3\u05d0 \u05e9\u05d4\u05e7\u05d5\u05d3 \u05e9\u05dc \u05d0\u05d5\u05e4\u05d9 \u05d4\u05dc\u05d7\u05e5 \u05ea\u05d5\u05d0\u05dd \u05dc\u05d6\u05d4 \u05d4\u05de\u05e1\u05d5\u05de\u05df \u05e2\u05dc \u05e0\u05e2\u05dc \u05d4\u05db\u05d1\u05dc. \u05d0\u05ea \u05d4\u05db\u05d9\u05d5\u05d5\u05e5 \u05d4\u05e8\u05d0\u05e9\u05d5\u05df \u05d9\u05e9 \u05dc\u05d1\u05e6\u05e2 \u05de\u05d4\u05d7\u05dc\u05e7 \u05d4\u05e4\u05e0\u05d9\u05de\u05d9 \u05e9\u05dc \u05d4\u05e9\u05e8\u05d5\u05d5\u05dc \u05d5\u05dc\u05d4\u05de\u05e9\u05d9\u05da \u05d1\u05db\u05d9\u05d5\u05d5\u05e6\u05d9\u05dd \u05db\u05dc\u05e4\u05d9 \u05d7\u05d5\u05e5. \u05de\u05e1\u05e4\u05e8 \u05d4\u05db\u05d9\u05d5\u05d5\u05e6\u05d9\u05dd \u05de\u05e1\u05d5\u05de\u05df \u05e2\u05dc \u05d4\u05e9\u05e8\u05d5\u05d5\u05dc. \u05d4\u05e7\u05e4\u05d3 \u05dc\u05d1\u05e6\u05e2 \u05d0\u05ea \u05de\u05e1\u05e4\u05e8 \u05d4\u05db\u05d9\u05d5\u05d5\u05e5 \u05e9\u05e6\u05d5\u05d9\u05df.<\/p>\n<p>10\u00d76 , 6\u00d76 , 10\u00d78 , 10\u00d710 , 16\u00d76 , 16\u00d78 , 16X13 , 25X6 , 25\u00d710 , 25\u00d713 , 35X6 , 35\u00d78 , 35\u00d710 , 35\u00d710 , 35\u00d717 , 50\u00d710 , 50\u00d713 , 70\u00d710 , 70\u00d713 , 95\u00d710 , 95\u00d713 , 120\u00d710 , 120\u00d713 , 150\u00d710 , 150\u00d713 , 0\u00d7185 13 , 240\u00d710 , 240\u00d713 , 300X10 , 300\u00d717 ,<\/p>\n<p>&nbsp;<\/p>\n<p>&nbsp;<\/p>\n<!--themify_builder_content-->\n<div id=\"themify_builder_content-216\" data-postid=\"216\" class=\"themify_builder_content themify_builder_content-216 themify_builder tf_clear\">\n    <\/div>\n<!--\/themify_builder_content-->","protected":false},"excerpt":{"rendered":"<p>Material: Copper, DIN 40500\/2, F-25 Surface: Coating with DIL. *The inner diameter is adapted according to DIN 57295. Before compression, the sectorial cable should be rounded, with naturally rounded pressure. User Instructions: The cable shoes are marked with a code number (parallel to the approximate outer diameter of the cable shoes). The required pressure nature [&hellip;]<\/p>\n","protected":false},"featured_media":217,"comment_status":"open","ping_status":"closed","template":"","meta":{"_acf_changed":false,"nf_dc_page":"","_monsterinsights_skip_tracking":false,"_monsterinsights_sitenote_active":false,"_monsterinsights_sitenote_note":"","_monsterinsights_sitenote_category":0},"doubt":[],"product_brand":[],"product_cat":[39,40],"product_tag":[],"class_list":{"0":"post-216","1":"product","2":"type-product","3":"status-publish","4":"has-post-thumbnail","6":"product_cat-cable-lock-and-pressure-connectors","7":"product_cat-products-2","8":"has-post-title","9":"has-post-date","10":"has-post-category","11":"has-post-tag","12":"has-post-comment","13":"has-post-author","14":"","16":"first","17":"instock","18":"shipping-taxable","19":"product-type-simple"},"acf":[],"yoast_head":"<!-- This site is optimized with the Yoast SEO plugin v27.4 - https:\/\/yoast.com\/product\/yoast-seo-wordpress\/ -->\n<title>Differentiated copper cable shoes - \u05d0 \u05d7\u05e9\u05de\u05dc<\/title>\n<meta name=\"robots\" content=\"index, follow, max-snippet:-1, max-image-preview:large, max-video-preview:-1\" \/>\n<link rel=\"canonical\" href=\"https:\/\/ahsmal.site\/he\/product\/differentiated-copper-cable-shoes-din-46235-standard\/\" \/>\n<meta property=\"og:locale\" content=\"he_IL\" \/>\n<meta property=\"og:type\" content=\"article\" \/>\n<meta property=\"og:title\" content=\"Differentiated copper cable shoes - \u05d0 \u05d7\u05e9\u05de\u05dc\" \/>\n<meta property=\"og:description\" content=\"Material: Copper, DIN 40500\/2, F-25 Surface: Coating with DIL. *The inner diameter is adapted according to DIN 57295. Before compression, the sectorial cable should be rounded, with naturally rounded pressure. User Instructions: The cable shoes are marked with a code number (parallel to the approximate outer diameter of the cable shoes). The required pressure nature [&hellip;]\" \/>\n<meta property=\"og:url\" content=\"https:\/\/ahsmal.site\/he\/product\/differentiated-copper-cable-shoes-din-46235-standard\/\" \/>\n<meta property=\"og:site_name\" content=\"\u05d0 \u05d7\u05e9\u05de\u05dc\" \/>\n<meta property=\"article:publisher\" content=\"https:\/\/www.facebook.com\/people\/--\/100057483638325\/\" \/>\n<meta property=\"article:modified_time\" content=\"2023-07-25T07:00:47+00:00\" \/>\n<meta property=\"og:image\" content=\"https:\/\/ahsmal.site\/wp-content\/uploads\/2023\/06\/110pic2-1.jpg.webp\" \/>\n\t<meta property=\"og:image:width\" content=\"1920\" \/>\n\t<meta property=\"og:image:height\" content=\"1280\" \/>\n\t<meta property=\"og:image:type\" content=\"image\/webp\" \/>\n<meta name=\"twitter:card\" content=\"summary_large_image\" \/>\n<meta name=\"twitter:label1\" content=\"\u05d6\u05de\u05df \u05e7\u05e8\u05d9\u05d0\u05d4 \u05de\u05d5\u05e2\u05e8\u05da\" \/>\n\t<meta name=\"twitter:data1\" content=\"2 \u05d3\u05e7\u05d5\u05ea\" \/>\n<script type=\"application\/ld+json\" class=\"yoast-schema-graph\">{\"@context\":\"https:\\\/\\\/schema.org\",\"@graph\":[{\"@type\":\"WebPage\",\"@id\":\"https:\\\/\\\/ahsmal.site\\\/product\\\/differentiated-copper-cable-shoes-din-46235-standard\\\/\",\"url\":\"https:\\\/\\\/ahsmal.site\\\/product\\\/differentiated-copper-cable-shoes-din-46235-standard\\\/\",\"name\":\"Differentiated copper cable shoes - \u05d0 \u05d7\u05e9\u05de\u05dc\",\"isPartOf\":{\"@id\":\"https:\\\/\\\/ahsmal.site\\\/#website\"},\"primaryImageOfPage\":{\"@id\":\"https:\\\/\\\/ahsmal.site\\\/product\\\/differentiated-copper-cable-shoes-din-46235-standard\\\/#primaryimage\"},\"image\":{\"@id\":\"https:\\\/\\\/ahsmal.site\\\/product\\\/differentiated-copper-cable-shoes-din-46235-standard\\\/#primaryimage\"},\"thumbnailUrl\":\"https:\\\/\\\/ahsmal.site\\\/wp-content\\\/uploads\\\/2023\\\/06\\\/110pic2-1.jpg.webp\",\"datePublished\":\"2023-06-27T06:12:27+00:00\",\"dateModified\":\"2023-07-25T07:00:47+00:00\",\"breadcrumb\":{\"@id\":\"https:\\\/\\\/ahsmal.site\\\/product\\\/differentiated-copper-cable-shoes-din-46235-standard\\\/#breadcrumb\"},\"inLanguage\":\"he-IL\",\"potentialAction\":[{\"@type\":\"ReadAction\",\"target\":[\"https:\\\/\\\/ahsmal.site\\\/product\\\/differentiated-copper-cable-shoes-din-46235-standard\\\/\"]}]},{\"@type\":\"ImageObject\",\"inLanguage\":\"he-IL\",\"@id\":\"https:\\\/\\\/ahsmal.site\\\/product\\\/differentiated-copper-cable-shoes-din-46235-standard\\\/#primaryimage\",\"url\":\"https:\\\/\\\/ahsmal.site\\\/wp-content\\\/uploads\\\/2023\\\/06\\\/110pic2-1.jpg.webp\",\"contentUrl\":\"https:\\\/\\\/ahsmal.site\\\/wp-content\\\/uploads\\\/2023\\\/06\\\/110pic2-1.jpg.webp\",\"width\":1920,\"height\":1280},{\"@type\":\"BreadcrumbList\",\"@id\":\"https:\\\/\\\/ahsmal.site\\\/product\\\/differentiated-copper-cable-shoes-din-46235-standard\\\/#breadcrumb\",\"itemListElement\":[{\"@type\":\"ListItem\",\"position\":1,\"name\":\"Home\",\"item\":\"https:\\\/\\\/ahsmal.site\\\/\"},{\"@type\":\"ListItem\",\"position\":2,\"name\":\"Products\",\"item\":\"https:\\\/\\\/ahsmal.site\\\/shop\\\/\"},{\"@type\":\"ListItem\",\"position\":3,\"name\":\"Differentiated copper cable shoes\"}]},{\"@type\":\"WebSite\",\"@id\":\"https:\\\/\\\/ahsmal.site\\\/#website\",\"url\":\"https:\\\/\\\/ahsmal.site\\\/\",\"name\":\"\u05d0 \u05d7\u05e9\u05de\u05dc\",\"description\":\"\u05d7\u05e0\u05d5\u05ea \u05d7\u05e9\u05de\u05dc\",\"publisher\":{\"@id\":\"https:\\\/\\\/ahsmal.site\\\/#organization\"},\"potentialAction\":[{\"@type\":\"SearchAction\",\"target\":{\"@type\":\"EntryPoint\",\"urlTemplate\":\"https:\\\/\\\/ahsmal.site\\\/?s={search_term_string}\"},\"query-input\":{\"@type\":\"PropertyValueSpecification\",\"valueRequired\":true,\"valueName\":\"search_term_string\"}}],\"inLanguage\":\"he-IL\"},{\"@type\":\"Organization\",\"@id\":\"https:\\\/\\\/ahsmal.site\\\/#organization\",\"name\":\"\u05d0 \u05d7\u05e9\u05de\u05dc\",\"url\":\"https:\\\/\\\/ahsmal.site\\\/\",\"logo\":{\"@type\":\"ImageObject\",\"inLanguage\":\"he-IL\",\"@id\":\"https:\\\/\\\/ahsmal.site\\\/#\\\/schema\\\/logo\\\/image\\\/\",\"url\":\"https:\\\/\\\/ahsmal.site\\\/wp-content\\\/uploads\\\/2023\\\/06\\\/WhatsApp-Image-2023-06-28-at-08.14.16-1.jpeg\",\"contentUrl\":\"https:\\\/\\\/ahsmal.site\\\/wp-content\\\/uploads\\\/2023\\\/06\\\/WhatsApp-Image-2023-06-28-at-08.14.16-1.jpeg\",\"width\":291,\"height\":292,\"caption\":\"\u05d0 \u05d7\u05e9\u05de\u05dc\"},\"image\":{\"@id\":\"https:\\\/\\\/ahsmal.site\\\/#\\\/schema\\\/logo\\\/image\\\/\"},\"sameAs\":[\"https:\\\/\\\/www.facebook.com\\\/people\\\/--\\\/100057483638325\\\/\"]}]}<\/script>\n<!-- \/ Yoast SEO plugin. -->","yoast_head_json":{"title":"\u05e0\u05e2\u05dc\u05d9 \u05db\u05d1\u05dc \u05e0\u05d7\u05d5\u05e9\u05ea \u05de\u05d5\u05d1\u05d7\u05e0\u05d5\u05ea - \u05d0 \u05d7\u05e9\u05de\u05dc","robots":{"index":"index","follow":"follow","max-snippet":"max-snippet:-1","max-image-preview":"max-image-preview:large","max-video-preview":"max-video-preview:-1"},"canonical":"https:\/\/ahsmal.site\/he\/product\/differentiated-copper-cable-shoes-din-46235-standard\/","og_locale":"he_IL","og_type":"article","og_title":"Differentiated copper cable shoes - \u05d0 \u05d7\u05e9\u05de\u05dc","og_description":"Material: Copper, DIN 40500\/2, F-25 Surface: Coating with DIL. *The inner diameter is adapted according to DIN 57295. Before compression, the sectorial cable should be rounded, with naturally rounded pressure. User Instructions: The cable shoes are marked with a code number (parallel to the approximate outer diameter of the cable shoes). The required pressure nature [&hellip;]","og_url":"https:\/\/ahsmal.site\/he\/product\/differentiated-copper-cable-shoes-din-46235-standard\/","og_site_name":"\u05d0 \u05d7\u05e9\u05de\u05dc","article_publisher":"https:\/\/www.facebook.com\/people\/--\/100057483638325\/","article_modified_time":"2023-07-25T07:00:47+00:00","og_image":[{"width":1920,"height":1280,"url":"https:\/\/ahsmal.site\/wp-content\/uploads\/2023\/06\/110pic2-1.jpg.webp","type":"image\/webp"}],"twitter_card":"summary_large_image","twitter_misc":{"\u05d6\u05de\u05df \u05e7\u05e8\u05d9\u05d0\u05d4 \u05de\u05d5\u05e2\u05e8\u05da":"2 \u05d3\u05e7\u05d5\u05ea"},"schema":{"@context":"https:\/\/schema.org","@graph":[{"@type":"WebPage","@id":"https:\/\/ahsmal.site\/product\/differentiated-copper-cable-shoes-din-46235-standard\/","url":"https:\/\/ahsmal.site\/product\/differentiated-copper-cable-shoes-din-46235-standard\/","name":"\u05e0\u05e2\u05dc\u05d9 \u05db\u05d1\u05dc \u05e0\u05d7\u05d5\u05e9\u05ea \u05de\u05d5\u05d1\u05d7\u05e0\u05d5\u05ea - \u05d0 \u05d7\u05e9\u05de\u05dc","isPartOf":{"@id":"https:\/\/ahsmal.site\/#website"},"primaryImageOfPage":{"@id":"https:\/\/ahsmal.site\/product\/differentiated-copper-cable-shoes-din-46235-standard\/#primaryimage"},"image":{"@id":"https:\/\/ahsmal.site\/product\/differentiated-copper-cable-shoes-din-46235-standard\/#primaryimage"},"thumbnailUrl":"https:\/\/ahsmal.site\/wp-content\/uploads\/2023\/06\/110pic2-1.jpg.webp","datePublished":"2023-06-27T06:12:27+00:00","dateModified":"2023-07-25T07:00:47+00:00","breadcrumb":{"@id":"https:\/\/ahsmal.site\/product\/differentiated-copper-cable-shoes-din-46235-standard\/#breadcrumb"},"inLanguage":"he-IL","potentialAction":[{"@type":"ReadAction","target":["https:\/\/ahsmal.site\/product\/differentiated-copper-cable-shoes-din-46235-standard\/"]}]},{"@type":"ImageObject","inLanguage":"he-IL","@id":"https:\/\/ahsmal.site\/product\/differentiated-copper-cable-shoes-din-46235-standard\/#primaryimage","url":"https:\/\/ahsmal.site\/wp-content\/uploads\/2023\/06\/110pic2-1.jpg.webp","contentUrl":"https:\/\/ahsmal.site\/wp-content\/uploads\/2023\/06\/110pic2-1.jpg.webp","width":1920,"height":1280},{"@type":"BreadcrumbList","@id":"https:\/\/ahsmal.site\/product\/differentiated-copper-cable-shoes-din-46235-standard\/#breadcrumb","itemListElement":[{"@type":"ListItem","position":1,"name":"Home","item":"https:\/\/ahsmal.site\/"},{"@type":"ListItem","position":2,"name":"Products","item":"https:\/\/ahsmal.site\/shop\/"},{"@type":"ListItem","position":3,"name":"Differentiated copper cable shoes"}]},{"@type":"WebSite","@id":"https:\/\/ahsmal.site\/#website","url":"https:\/\/ahsmal.site\/","name":"\u05d0 \u05d7\u05e9\u05de\u05dc","description":"\u05d7\u05e0\u05d5\u05ea \u05d7\u05e9\u05de\u05dc","publisher":{"@id":"https:\/\/ahsmal.site\/#organization"},"potentialAction":[{"@type":"SearchAction","target":{"@type":"EntryPoint","urlTemplate":"https:\/\/ahsmal.site\/?s={search_term_string}"},"query-input":{"@type":"PropertyValueSpecification","valueRequired":true,"valueName":"search_term_string"}}],"inLanguage":"he-IL"},{"@type":"Organization","@id":"https:\/\/ahsmal.site\/#organization","name":"\u05d0 \u05d7\u05e9\u05de\u05dc","url":"https:\/\/ahsmal.site\/","logo":{"@type":"ImageObject","inLanguage":"he-IL","@id":"https:\/\/ahsmal.site\/#\/schema\/logo\/image\/","url":"https:\/\/ahsmal.site\/wp-content\/uploads\/2023\/06\/WhatsApp-Image-2023-06-28-at-08.14.16-1.jpeg","contentUrl":"https:\/\/ahsmal.site\/wp-content\/uploads\/2023\/06\/WhatsApp-Image-2023-06-28-at-08.14.16-1.jpeg","width":291,"height":292,"caption":"\u05d0 \u05d7\u05e9\u05de\u05dc"},"image":{"@id":"https:\/\/ahsmal.site\/#\/schema\/logo\/image\/"},"sameAs":["https:\/\/www.facebook.com\/people\/--\/100057483638325\/"]}]}},"_links":{"self":[{"href":"https:\/\/ahsmal.site\/he\/wp-json\/wp\/v2\/product\/216","targetHints":{"allow":["GET"]}}],"collection":[{"href":"https:\/\/ahsmal.site\/he\/wp-json\/wp\/v2\/product"}],"about":[{"href":"https:\/\/ahsmal.site\/he\/wp-json\/wp\/v2\/types\/product"}],"replies":[{"embeddable":true,"href":"https:\/\/ahsmal.site\/he\/wp-json\/wp\/v2\/comments?post=216"}],"version-history":[{"count":0,"href":"https:\/\/ahsmal.site\/he\/wp-json\/wp\/v2\/product\/216\/revisions"}],"wp:featuredmedia":[{"embeddable":true,"href":"https:\/\/ahsmal.site\/he\/wp-json\/wp\/v2\/media\/217"}],"wp:attachment":[{"href":"https:\/\/ahsmal.site\/he\/wp-json\/wp\/v2\/media?parent=216"}],"wp:term":[{"taxonomy":"doubt","embeddable":true,"href":"https:\/\/ahsmal.site\/he\/wp-json\/wp\/v2\/doubt?post=216"},{"taxonomy":"product_brand","embeddable":true,"href":"https:\/\/ahsmal.site\/he\/wp-json\/wp\/v2\/product_brand?post=216"},{"taxonomy":"product_cat","embeddable":true,"href":"https:\/\/ahsmal.site\/he\/wp-json\/wp\/v2\/product_cat?post=216"},{"taxonomy":"product_tag","embeddable":true,"href":"https:\/\/ahsmal.site\/he\/wp-json\/wp\/v2\/product_tag?post=216"}],"curies":[{"name":"wp","href":"https:\/\/api.w.org\/{rel}","templated":true}]}}